{"id":254,"date":"2023-01-23T16:00:21","date_gmt":"2023-01-23T19:00:21","guid":{"rendered":"https:\/\/bphub.com.br\/?page_id=254"},"modified":"2025-09-24T21:54:39","modified_gmt":"2025-09-25T00:54:39","slug":"sobre","status":"publish","type":"page","link":"https:\/\/bphub.com.br\/es\/sobre\/","title":{"rendered":"Sobre"},"content":{"rendered":"<div data-elementor-type=\"wp-page\" data-elementor-id=\"254\" class=\"elementor elementor-254\">\n\t\t\t\t\t\t\t\t\t<section data-dce-background-color=\"#4F4F4F\" class=\"elementor-section elementor-top-section elementor-element elementor-element-d53d94a elementor-section-boxed elementor-section-height-default elementor-section-height-default\" data-id=\"d53d94a\" data-element_type=\"section\" data-settings=\"{&quot;jet_parallax_layout_list&quot;:[],&quot;background_background&quot;:&quot;classic&quot;}\">\n\t\t\t\t\t\t<div class=\"elementor-container elementor-column-gap-default\">\n\t\t\t\t\t<div class=\"elementor-column elementor-col-100 elementor-top-column elementor-element elementor-element-c96b51b\" data-id=\"c96b51b\" data-element_type=\"column\">\n\t\t\t<div class=\"elementor-widget-wrap elementor-element-populated\">\n\t\t\t\t\t\t\t\t<div class=\"elementor-element elementor-element-08de702 jet-breadcrumbs-align-left jet-breadcrumbs-on-front-yes elementor-widget elementor-widget-jet-breadcrumbs\" data-id=\"08de702\" data-element_type=\"widget\" data-widget_type=\"jet-breadcrumbs.default\">\n\t\t\t\t<div class=\"elementor-widget-container\">\n\t\t\t<div class=\"elementor-jet-breadcrumbs jet-blocks\">\n\t\t<div class=\"jet-breadcrumbs\">\n\t\t<div class=\"jet-breadcrumbs__content\">\n\t\t<div class=\"jet-breadcrumbs__wrap\"><div class=\"jet-breadcrumbs__item\"><a href=\"https:\/\/bphub.com.br\/es\/\" class=\"jet-breadcrumbs__item-link is-home\" rel=\"home\" title=\"In\u00edcio\">In\u00edcio<\/a><\/div>\n\t\t<\/div>\n\t\t<\/div>\n\t\t<\/div><\/div>\t\t<\/div>\n\t\t\t\t<\/div>\n\t\t\t\t\t<\/div>\n\t\t<\/div>\n\t\t\t\t\t\t\t<\/div>\n\t\t<\/section>\n\t\t\t\t<section data-dce-background-color=\"#10324D\" data-dce-background-overlay-image-url=\"https:\/\/bphub.com.br\/wp-content\/uploads\/2022\/11\/fundo-sobre-bp-hub.jpg\" class=\"elementor-section elementor-top-section elementor-element elementor-element-e0d6fae elementor-section-boxed elementor-section-height-default elementor-section-height-default\" data-id=\"e0d6fae\" data-element_type=\"section\" data-settings=\"{&quot;background_background&quot;:&quot;gradient&quot;,&quot;jet_parallax_layout_list&quot;:[]}\">\n\t\t\t\t\t\t\t<div class=\"elementor-background-overlay\"><\/div>\n\t\t\t\t\t\t\t<div class=\"elementor-container elementor-column-gap-default\">\n\t\t\t\t\t<div class=\"elementor-column elementor-col-50 elementor-top-column elementor-element elementor-element-97bf44a\" data-id=\"97bf44a\" data-element_type=\"column\">\n\t\t\t<div class=\"elementor-widget-wrap elementor-element-populated\">\n\t\t\t\t\t\t\t\t<div class=\"elementor-element elementor-element-a69b4ca elementor-widget elementor-widget-heading\" data-id=\"a69b4ca\" data-element_type=\"widget\" data-widget_type=\"heading.default\">\n\t\t\t\t<div class=\"elementor-widget-container\">\n\t\t\t<style>\/*! elementor - v3.6.8 - 27-07-2022 *\/\n.elementor-heading-title{padding:0;margin:0;line-height:1}.elementor-widget-heading .elementor-heading-title[class*=elementor-size-]>a{color:inherit;font-size:inherit;line-height:inherit}.elementor-widget-heading .elementor-heading-title.elementor-size-small{font-size:15px}.elementor-widget-heading .elementor-heading-title.elementor-size-medium{font-size:19px}.elementor-widget-heading .elementor-heading-title.elementor-size-large{font-size:29px}.elementor-widget-heading .elementor-heading-title.elementor-size-xl{font-size:39px}.elementor-widget-heading .elementor-heading-title.elementor-size-xxl{font-size:59px}<\/style><h2 class=\"elementor-heading-title elementor-size-default\">BP Hub Brasil: da invisibilidade digital ao protagonismo local. Abra as portas da sua empresa para o digital.<\/h2>\t\t<\/div>\n\t\t\t\t<\/div>\n\t\t\t\t<div class=\"elementor-element elementor-element-dbca254 elementor-widget elementor-widget-text-editor\" data-id=\"dbca254\" data-element_type=\"widget\" data-widget_type=\"text-editor.default\">\n\t\t\t\t<div class=\"elementor-widget-container\">\n\t\t\t<style>\/*! elementor - v3.6.8 - 27-07-2022 *\/\n.elementor-widget-text-editor.elementor-drop-cap-view-stacked .elementor-drop-cap{background-color:#818a91;color:#fff}.elementor-widget-text-editor.elementor-drop-cap-view-framed .elementor-drop-cap{color:#818a91;border:3px solid;background-color:transparent}.elementor-widget-text-editor:not(.elementor-drop-cap-view-default) .elementor-drop-cap{margin-top:8px}.elementor-widget-text-editor:not(.elementor-drop-cap-view-default) .elementor-drop-cap-letter{width:1em;height:1em}.elementor-widget-text-editor .elementor-drop-cap{float:left;text-align:center;line-height:1;font-size:50px}.elementor-widget-text-editor .elementor-drop-cap-letter{display:inline-block}<\/style>\t\t\t\t<p><span style=\"font-weight: 400;\">A hist\u00f3ria da BP Hub nasceu de uma dor mapeada pela BP MARKETING e, a partir deste cen\u00e1rio, temos um prop\u00f3sito claro: <\/span><b>dar voz e visibilidade a quem sempre ficou \u00e0 margem do digital<\/b><span style=\"font-weight: 400;\">. Desde 2022, trabalhamos para transformar a realidade de micro, pequenas e m\u00e9dias empresas que, apesar de oferecerem produtos e servi\u00e7os de qualidade, ainda permanecem invis\u00edveis nos mecanismos de busca.<\/span><\/p><p>\u00a0<\/p><p><span style=\"font-weight: 400;\">Em um mundo em que <\/span><b>86% dos consumidores iniciam sua jornada de compra no Google<\/b><span style=\"font-weight: 400;\">, mas mais de 60% das PMEs continuam fora dos resultados locais, percebemos que havia uma barreira estrutural \u2014 n\u00e3o de compet\u00eancia, mas de acesso. Grandes corpora\u00e7\u00f5es dominam as primeiras p\u00e1ginas, enquanto pequenos empreendedores perdem clientes por n\u00e3o aparecerem no momento exato em que deveriam ser encontrados.<\/span><\/p><p>\u00a0<\/p><p><span style=\"font-weight: 400;\">Foi para <\/span><b>quebrar esse ciclo de exclus\u00e3o digital<\/b><span style=\"font-weight: 400;\"> que criamos a BP Hub, uma plataforma SaaS acess\u00edvel e pensada para a realidade de neg\u00f3cios locais. Nossa solu\u00e7\u00e3o democratiza o SEO local por meio de intelig\u00eancia artificial, automa\u00e7\u00e3o e suporte humanizado, colocando o poder do marketing de geolocaliza\u00e7\u00e3o nas m\u00e3os de quem mais precisa.<\/span><\/p><p>\u00a0<\/p><p><span style=\"font-weight: 400;\">Mais que tecnologia, oferecemos <\/span><b>ponte e possibilidade<\/b><span style=\"font-weight: 400;\">: workshops mensais, comunidade de empreendedores, relat\u00f3rios inteligentes e gest\u00e3o otimizada do perfil da empresa no Google. J\u00e1 atendemos mais de 100 PMEs, que hoje n\u00e3o apenas aparecem, mas prosperam.<\/span><\/p><p>\u00a0<\/p><p><span style=\"font-weight: 400;\">Na BP Hub, acreditamos que <\/span><b>abrir as portas da sua empresa para o digital \u00e9 abrir as portas para o futuro<\/b><span style=\"font-weight: 400;\">. N\u00e3o importa se voc\u00ea \u00e9 uma padaria de bairro, um sal\u00e3o de beleza na periferia ou uma cl\u00ednica consolidada: todos merecem ser encontrados, crescer e competir em igualdade de condi\u00e7\u00f5es.<\/span><\/p>\t\t\t\t\t\t<\/div>\n\t\t\t\t<\/div>\n\t\t\t\t\t<\/div>\n\t\t<\/div>\n\t\t\t\t<div class=\"elementor-column elementor-col-50 elementor-top-column elementor-element elementor-element-40d548c\" data-id=\"40d548c\" data-element_type=\"column\">\n\t\t\t<div class=\"elementor-widget-wrap\">\n\t\t\t\t\t\t\t\t\t<\/div>\n\t\t<\/div>\n\t\t\t\t\t\t\t<\/div>\n\t\t<\/section>\n\t\t\t\t\t\t\t<\/div>","protected":false},"excerpt":{"rendered":"<p>In\u00edcio BP Hub Brasil: da invisibilidade digital ao protagonismo local. Abra as portas da sua empresa para o digital. A hist\u00f3ria da BP Hub nasceu de uma dor mapeada pela BP MARKETING e, a partir deste cen\u00e1rio, temos um prop\u00f3sito claro: dar voz e visibilidade a quem sempre ficou \u00e0 margem do digital. Desde 2022, [&hellip;]<\/p>","protected":false},"author":1,"featured_media":0,"parent":0,"menu_order":0,"comment_status":"closed","ping_status":"closed","template":"","meta":{"footnotes":""},"class_list":["post-254","page","type-page","status-publish","hentry"],"_links":{"self":[{"href":"https:\/\/bphub.com.br\/es\/wp-json\/wp\/v2\/pages\/254","targetHints":{"allow":["GET"]}}],"collection":[{"href":"https:\/\/bphub.com.br\/es\/wp-json\/wp\/v2\/pages"}],"about":[{"href":"https:\/\/bphub.com.br\/es\/wp-json\/wp\/v2\/types\/page"}],"author":[{"embeddable":true,"href":"https:\/\/bphub.com.br\/es\/wp-json\/wp\/v2\/users\/1"}],"replies":[{"embeddable":true,"href":"https:\/\/bphub.com.br\/es\/wp-json\/wp\/v2\/comments?post=254"}],"version-history":[{"count":34,"href":"https:\/\/bphub.com.br\/es\/wp-json\/wp\/v2\/pages\/254\/revisions"}],"predecessor-version":[{"id":4390,"href":"https:\/\/bphub.com.br\/es\/wp-json\/wp\/v2\/pages\/254\/revisions\/4390"}],"wp:attachment":[{"href":"https:\/\/bphub.com.br\/es\/wp-json\/wp\/v2\/media?parent=254"}],"curies":[{"name":"wp","href":"https:\/\/api.w.org\/{rel}","templated":true}]}}